{"id":21226,"date":"2018-11-08T12:47:08","date_gmt":"2018-11-08T11:47:08","guid":{"rendered":"http:\/\/www.pronostitalia.com\/news\/?page_id=21226"},"modified":"2023-06-04T00:23:51","modified_gmt":"2023-06-03T23:23:51","slug":"matched-betting","status":"publish","type":"page","link":"https:\/\/www.pronostitalia.com\/news\/matched-betting\/","title":{"rendered":"Matched betting"},"content":{"rendered":"\t\t<div data-elementor-type=\"wp-page\" data-elementor-id=\"21226\" class=\"elementor elementor-21226 elementor-bc-flex-widget\">\n\t\t\t\t\t\t<section class=\"elementor-section elementor-top-section elementor-element elementor-element-ccaa409 elementor-section-boxed elementor-section-height-default elementor-section-height-default\" data-id=\"ccaa409\" data-element_type=\"section\">\n\t\t\t\t\t\t<div class=\"elementor-container elementor-column-gap-default\">\n\t\t\t\t\t<div class=\"elementor-column elementor-col-100 elementor-top-column elementor-element elementor-element-ba2debb\" data-id=\"ba2debb\" data-element_type=\"column\">\n\t\t\t<div class=\"elementor-widget-wrap elementor-element-populated\">\n\t\t\t\t\t\t<div class=\"elementor-element elementor-element-e275e69 elementor-widget elementor-widget-heading\" data-id=\"e275e69\" data-element_type=\"widget\" data-widget_type=\"heading.default\">\n\t\t\t\t<div class=\"elementor-widget-container\">\n\t\t\t\t\t<h1 class=\"elementor-heading-title elementor-size-default\">Matched betting in Italia<\/h1>\t\t\t\t<\/div>\n\t\t\t\t<\/div>\n\t\t\t\t\t<\/div>\n\t\t<\/div>\n\t\t\t\t\t<\/div>\n\t\t<\/section>\n\t\t\t\t<section class=\"elementor-section elementor-top-section elementor-element elementor-element-266a7c9 elementor-section-boxed elementor-section-height-default elementor-section-height-default\" data-id=\"266a7c9\" data-element_type=\"section\">\n\t\t\t\t\t\t<div class=\"elementor-container elementor-column-gap-default\">\n\t\t\t\t\t<div class=\"elementor-column elementor-col-100 elementor-top-column elementor-element elementor-element-cf2486d\" data-id=\"cf2486d\" data-element_type=\"column\">\n\t\t\t<div class=\"elementor-widget-wrap elementor-element-populated\">\n\t\t\t\t\t\t<div class=\"elementor-element elementor-element-2dcce65 elementor-widget elementor-widget-heading\" data-id=\"2dcce65\" data-element_type=\"widget\" data-widget_type=\"heading.default\">\n\t\t\t\t<div class=\"elementor-widget-container\">\n\t\t\t\t\t<h2 class=\"elementor-heading-title elementor-size-default\">Non \u00e8 gioco d'azzardo ma un sistema che consente di sfruttare i bonus messi a disposizione dai bookmakers.<\/h2>\t\t\t\t<\/div>\n\t\t\t\t<\/div>\n\t\t\t\t\t<\/div>\n\t\t<\/div>\n\t\t\t\t\t<\/div>\n\t\t<\/section>\n\t\t\t\t<section class=\"elementor-section elementor-top-section elementor-element elementor-element-ee65a24 elementor-section-boxed elementor-section-height-default elementor-section-height-default\" data-id=\"ee65a24\" data-element_type=\"section\">\n\t\t\t\t\t\t<div class=\"elementor-container elementor-column-gap-default\">\n\t\t\t\t\t<div class=\"elementor-column elementor-col-100 elementor-top-column elementor-element elementor-element-0f861f5\" data-id=\"0f861f5\" data-element_type=\"column\">\n\t\t\t<div class=\"elementor-widget-wrap elementor-element-populated\">\n\t\t\t\t\t\t<div class=\"elementor-element elementor-element-7a342cc elementor-widget elementor-widget-text-editor\" data-id=\"7a342cc\" data-element_type=\"widget\" data-widget_type=\"text-editor.default\">\n\t\t\t\t<div class=\"elementor-widget-container\">\n\t\t\t\t\t\t\t\t\t<p>Il <strong>matched betting<\/strong> non \u00e8 gioco d&#8217;azzardo, \u00e8 bene chiarirlo subito. Si, perch\u00e9 non si tratta di semplici scommesse sportive in cui ovviamente il profitto non pu\u00f2 in alcun modo essere garantito ma di un sistema che sfrutta in modo metodico le scommesse sportive insieme ai bonus offerti dai bookmakers per andare a profitto indipendentemente dal risultato di ogni match sul quale si scommette.<\/p><p>Capitemi bene, non si tratta di un sistema tipo martingala, o qualcosa che va ad azzerare l&#8217;importo scommesso. Non si tratta di fare pronostici su eventi sportivi, niente di tutto questo.<\/p><p>Il matched betting \u00e8 una pratica che ha preso piede in Inghilterra e adesso si sta espandendo a macchia d&#8217;olio anche in Italia.<\/p><p>Sono tanti i quotidiani inglesi che hanno parlato dell&#8217;espansione di questo fenomeno, ovvero di persone che praticano il matched betting per \u00a0ottenere risultati mese dopo mese.<\/p><p><strong>Grazie al matched betting si potr\u00e0 riuscire a guadagnare un extra ogni mese <\/strong>e trattandosi di risultati provenienti da scommesse sportive, e quindi gi\u00e0 tassate a monte, <strong>non dovrai pagare tasse<\/strong>.\u00a0<\/p><p><strong>Attenzione<\/strong>, non \u00e8 cos\u00ec semplice come si possa pensare, perch\u00e9 occorre stare attento a diversi fattori per ottenere dei profitti, ma di questo non ti devi assolutamente preoccupare, perch\u00e9 se lavori al matched betting da solo allora potrai sbagliare qualche passaggio e non raggiungere il profitto mensile cercato, ma se ti registrerai adesso a <a href=\"https:\/\/www.ninjabet.it\/Pronos\/aff\" rel=\"nofollow\"><strong>NinjaBet<\/strong><\/a> non avrai pi\u00f9 di questo problema, perch\u00e9 sar\u00e0 NinjaBet a guidarti passo passo in questo sistema dandoti tutte le dritte necessarie proprio come una guida che mese dopo mese ti accompagner\u00e0 in questo percorso.<\/p><p>Registrandoti gratis oggi a <strong><a href=\"https:\/\/www.ninjabet.it\/Pronos\/aff\" rel=\"nofollow\">NinjaBet<\/a>\u00a0<\/strong>conoscerai bene come funziona questa opportunit\u00e0 che non ti cambier\u00e0 di certo la vita ma che ti potr\u00e0 permettere di guadagnare degli extra al mese che possono fare sicuramente comodo.\u00a0<\/p>\t\t\t\t\t\t\t\t<\/div>\n\t\t\t\t<\/div>\n\t\t\t\t\t<\/div>\n\t\t<\/div>\n\t\t\t\t\t<\/div>\n\t\t<\/section>\n\t\t\t\t<section class=\"elementor-section elementor-top-section elementor-element elementor-element-27bdfb0 elementor-section-boxed elementor-section-height-default elementor-section-height-default\" data-id=\"27bdfb0\" data-element_type=\"section\">\n\t\t\t\t\t\t<div class=\"elementor-container elementor-column-gap-default\">\n\t\t\t\t\t<div class=\"elementor-column elementor-col-100 elementor-top-column elementor-element elementor-element-351f0f8\" data-id=\"351f0f8\" data-element_type=\"column\">\n\t\t\t<div class=\"elementor-widget-wrap elementor-element-populated\">\n\t\t\t\t\t\t<div class=\"elementor-element elementor-element-023ed37 elementor-align-center elementor-button-success elementor-widget elementor-widget-button\" data-id=\"023ed37\" data-element_type=\"widget\" data-widget_type=\"button.default\">\n\t\t\t\t<div class=\"elementor-widget-container\">\n\t\t\t\t\t\t\t\t\t<div class=\"elementor-button-wrapper\">\n\t\t\t\t\t<a class=\"elementor-button elementor-button-link elementor-size-xl\" href=\"https:\/\/www.ninjabet.it\/Pronos\/aff\">\n\t\t\t\t\t\t<span class=\"elementor-button-content-wrapper\">\n\t\t\t\t\t\t\t\t\t<span class=\"elementor-button-text\">Prova adesso NinjaBet<\/span>\n\t\t\t\t\t<\/span>\n\t\t\t\t\t<\/a>\n\t\t\t\t<\/div>\n\t\t\t\t\t\t\t\t<\/div>\n\t\t\t\t<\/div>\n\t\t\t\t\t<\/div>\n\t\t<\/div>\n\t\t\t\t\t<\/div>\n\t\t<\/section>\n\t\t\t\t<section class=\"elementor-section elementor-top-section elementor-element elementor-element-e0223e8 elementor-section-boxed elementor-section-height-default elementor-section-height-default\" data-id=\"e0223e8\" data-element_type=\"section\">\n\t\t\t\t\t\t<div class=\"elementor-container elementor-column-gap-default\">\n\t\t\t\t\t<div class=\"elementor-column elementor-col-100 elementor-top-column elementor-element elementor-element-680c8de\" data-id=\"680c8de\" data-element_type=\"column\">\n\t\t\t<div class=\"elementor-widget-wrap elementor-element-populated\">\n\t\t\t\t\t\t<div class=\"elementor-element elementor-element-8293beb elementor-widget elementor-widget-text-editor\" data-id=\"8293beb\" data-element_type=\"widget\" data-widget_type=\"text-editor.default\">\n\t\t\t\t<div class=\"elementor-widget-container\">\n\t\t\t\t\t\t\t\t\t<iframe src=\"https:\/\/www.ninjabet.it\/Pronos\/aff\" width=\"620\" height=\"2\" frameborder=\"0\" scrolling=\"no\"><\/iframe>\t\t\t\t\t\t\t\t<\/div>\n\t\t\t\t<\/div>\n\t\t\t\t\t<\/div>\n\t\t<\/div>\n\t\t\t\t\t<\/div>\n\t\t<\/section>\n\t\t\t\t<\/div>\n\t\t","protected":false},"excerpt":{"rendered":"<p>Matched betting in Italia Non \u00e8 gioco d&#8217;azzardo ma un sistema che consente di sfruttare i bonus messi a disposizione dai bookmakers. Il matched betting non \u00e8 gioco d&#8217;azzardo, \u00e8 bene chiarirlo subito. Si, perch\u00e9 non si tratta di semplici scommesse sportive in cui ovviamente il profitto non pu\u00f2 in alcun modo essere garantito ma &#8230; <a title=\"Matched betting\" class=\"read-more\" href=\"https:\/\/www.pronostitalia.com\/news\/matched-betting\/\">Read more<\/a><\/p>\n","protected":false},"author":2,"featured_media":0,"parent":0,"menu_order":0,"comment_status":"closed","ping_status":"closed","template":"","meta":{"generate_page_header":"","footnotes":""},"class_list":["post-21226","page","type-page","status-publish"],"_links":{"self":[{"href":"https:\/\/www.pronostitalia.com\/news\/wp-json\/wp\/v2\/pages\/21226","targetHints":{"allow":["GET"]}}],"collection":[{"href":"https:\/\/www.pronostitalia.com\/news\/wp-json\/wp\/v2\/pages"}],"about":[{"href":"https:\/\/www.pronostitalia.com\/news\/wp-json\/wp\/v2\/types\/page"}],"author":[{"embeddable":true,"href":"https:\/\/www.pronostitalia.com\/news\/wp-json\/wp\/v2\/users\/2"}],"replies":[{"embeddable":true,"href":"https:\/\/www.pronostitalia.com\/news\/wp-json\/wp\/v2\/comments?post=21226"}],"version-history":[{"count":13,"href":"https:\/\/www.pronostitalia.com\/news\/wp-json\/wp\/v2\/pages\/21226\/revisions"}],"predecessor-version":[{"id":21540,"href":"https:\/\/www.pronostitalia.com\/news\/wp-json\/wp\/v2\/pages\/21226\/revisions\/21540"}],"wp:attachment":[{"href":"https:\/\/www.pronostitalia.com\/news\/wp-json\/wp\/v2\/media?parent=21226"}],"curies":[{"name":"wp","href":"https:\/\/api.w.org\/{rel}","templated":true}]}}