{"id":17437,"date":"2013-09-01T19:15:31","date_gmt":"2013-09-01T18:15:31","guid":{"rendered":"http:\/\/www.pronostitalia.com\/news\/?page_id=17437"},"modified":"2014-02-01T15:23:07","modified_gmt":"2014-02-01T14:23:07","slug":"informativa-sulla-privacy","status":"publish","type":"page","link":"https:\/\/www.pronostitalia.com\/news\/informativa-sulla-privacy\/","title":{"rendered":"Informativa sulla privacy"},"content":{"rendered":"<p><strong>Informativa sulla Privacy<\/strong><br \/>\nNoi rispettiamo e facciamo in modo di proteggere la tua privacy. Questa informativa sulla Privacy (resa in ottemperanza ed ai sensi dell&#8217;art. 13 del d.lgs. n. 196\/2003 ha lo scopo di renderti edotto su come le tue informazioni personali vengano usate e processate su Pronostitalia.com. Abbiamo la massima cura dei tuoi dati personali che utilizziamo solo nei casi previsti o compatibili con questa Privacy Policy.<\/p>\n<p>&nbsp;<\/p>\n<p>Raccolta di Informazioni<br \/>\nPronostitalia.com \u00e8 l&#8217;esclusivo detentore delle informazioni raccolte dal nostro sito. Noi, n\u00e8 ora n\u00e8 in futuro inviamo, condividiamo, o vendiamo queste informazioni ad altri in nessun modo se non in quello spiegato da questo regolamento sulla privacy e di seguito riportato.<\/p>\n<p>Cookies<br \/>\nUn Cookie (biscotto) \u00e8 una porzione di codice archiviato sull&#8217;hard disk dell&#8217;utente, registrato o anonimo che sia, contenente informazioni dell&#8217;utente stesso. Viene inserito per connettersi a Pronostitalia.com che richiede i cookies per avere: informazioni statistiche sul sistema usato, l&#8217;area geografica, etc.. Ma in nessun caso i nostri cookies contengono dati personali che ne permettano l&#8217;identificazione., Pronostitalia.com usa i cookies esclusivamente per consentire il login.<\/p>\n<p>Log Files<br \/>\nPronostitalia.com tiene un registro di files per analizzare i trends, tracciare i movimenti dell&#8217;utente nel sito, ed ottenere dati sul numero di accessi e da dove. Questo non inficia n\u00e8 consente in alcun modo l&#8217;identificazione personale dei visitatori.<\/p>\n<p>Condivisione<br \/>\nAl momento, Pronostitalia.com non condivide alcuna informazione con inserzionisti pubblicitari, societ\u00e0 commerciali, od altre terze parti.<\/p>\n<p>Links\/Collegamenti<br \/>\nI Links agli altri siti esterni a Pronostitalia.com potrebbero non applicare questo stesso regolamento sulla privacy. Non siamo responsabili delle politiche sulla privacy degli altri siti che sono collegati\/linkati su Pronostitalia.com. Per cortesia leggi lo statuto sulla privacy di ciascun sito collegato\/linkato su Pronostitalia.com per l&#8217;informazione ed i dati usati per l&#8217;identificazione personale dei visitatori. Il nostro regolamento sulla privacy si applica solo ed esclusivamente a Pronostitalia.com.<\/p>\n<p>Contesti<br \/>\nIn casi particolari, Pronostitalia.com nei quali venga condotta una gara tra i nostri visitatori. La partecipazione del visitatore a queste gare \u00e8 volontaria e non richiede in alcun caso che il visitatore fornisca informazioni personali quando non ha scelto di entrare in gara. Le informazioni raccolte possono includere indirizzo ed anagrafica, dati come nome, e-mail, indirizzo, stato, ect. Queste informazioni verranno usate unicamente per notificare ed assegnare i premi ai vincitori.<\/p>\n<p>Newsletter<br \/>\nDopo essersi registrati come Iscritti, viene data la possibilit\u00e0 di sottoscrivere la nostra Newsletter. Puoi scegliere di riceverla o di non riceverla pi\u00f9 in qualsiasi momento. Tutte le informazioni archiviate nel nostro database non vengono condivise n\u00e8 vendute ad alcuna terza parte. Gli iscritti che desiderano cancellarsi dalla nostra newsletter possono deselezionare l&#8217;opzione nel loro profilo, usando il link il Your Account.<\/p>\n<p>Invia ad un Amico<br \/>\nQuando un visitatore sceglie di inviare Notizie, Articoli, Recenioni, ect, ad un amico, i nomi e gli indirizzi e-mail non vengono registrati. Pronostitalia.com invier\u00e0 ad un amico una ed una sola volta l&#8217;invito a visitare il nostro sito. Pronostitalia.com non invier\u00e0 mai un&#8217;altra e-mail al visitatore o amico per altri scopi.<\/p>\n<p>Modifiche della nostra Informativa sulla Privacy<br \/>\nEventuali modifiche al nostro regolamento della Privacy potranno essere riscontrate sempre a questo indirizzo. Pertanto l&#8217;utente \u00e8 invitato a controllare questa pagina con una certa frequenza. Se l&#8217;utente dovesse ritenere tali modifiche inerente ed in conflitto con la propria e la nostra politica, potr\u00e0 in qualsiasi momento usare l&#8217;opzione di uscita (Logout) dal sito e\/o chiedere la cancellazione del personale account all&#8217;Amministratore, quale Titolare del Trattamento dei dati personali.<\/p>\n<p>Se hai domande, commenti o suggerimenti riguardanti le Avvertenze Legali, ti invitiamo ad usare il nostro Formulario Contatti.<\/p>\n","protected":false},"excerpt":{"rendered":"<p>Informativa sulla Privacy Noi rispettiamo e facciamo in modo di proteggere la tua privacy. Questa informativa sulla Privacy (resa in ottemperanza ed ai sensi dell&#8217;art. 13 del d.lgs. n. 196\/2003 ha lo scopo di renderti edotto su come le tue informazioni personali vengano usate e processate su Pronostitalia.com. Abbiamo la massima cura dei tuoi dati &#8230; <a title=\"Informativa sulla privacy\" class=\"read-more\" href=\"https:\/\/www.pronostitalia.com\/news\/informativa-sulla-privacy\/\">Read more<\/a><\/p>\n","protected":false},"author":1,"featured_media":0,"parent":0,"menu_order":0,"comment_status":"closed","ping_status":"closed","template":"","meta":{"generate_page_header":"","footnotes":""},"class_list":["post-17437","page","type-page","status-publish"],"_links":{"self":[{"href":"https:\/\/www.pronostitalia.com\/news\/wp-json\/wp\/v2\/pages\/17437","targetHints":{"allow":["GET"]}}],"collection":[{"href":"https:\/\/www.pronostitalia.com\/news\/wp-json\/wp\/v2\/pages"}],"about":[{"href":"https:\/\/www.pronostitalia.com\/news\/wp-json\/wp\/v2\/types\/page"}],"author":[{"embeddable":true,"href":"https:\/\/www.pronostitalia.com\/news\/wp-json\/wp\/v2\/users\/1"}],"replies":[{"embeddable":true,"href":"https:\/\/www.pronostitalia.com\/news\/wp-json\/wp\/v2\/comments?post=17437"}],"version-history":[{"count":1,"href":"https:\/\/www.pronostitalia.com\/news\/wp-json\/wp\/v2\/pages\/17437\/revisions"}],"predecessor-version":[{"id":17439,"href":"https:\/\/www.pronostitalia.com\/news\/wp-json\/wp\/v2\/pages\/17437\/revisions\/17439"}],"wp:attachment":[{"href":"https:\/\/www.pronostitalia.com\/news\/wp-json\/wp\/v2\/media?parent=17437"}],"curies":[{"name":"wp","href":"https:\/\/api.w.org\/{rel}","templated":true}]}}