{"id":17326,"date":"2013-08-09T23:54:50","date_gmt":"2013-08-09T22:54:50","guid":{"rendered":"http:\/\/www.pronostitalia.com\/news\/?page_id=17326"},"modified":"2019-08-24T22:11:22","modified_gmt":"2019-08-24T21:11:22","slug":"highlights-dei-principali-eventi-sportivi","status":"publish","type":"page","link":"https:\/\/www.pronostitalia.com\/news\/highlights-dei-principali-eventi-sportivi\/","title":{"rendered":"Highlights &#8211; video di tutti i goal della serie A"},"content":{"rendered":"<div style=\"width: 620px; height: 540px; margin: 0 auto;\">\n<div id=\"perf1qur8ej7k2p7104auwgioxz9c\"><a href=\"https:\/\/www.adobe.com\/go\/getflashplayer\" target=\"_blank\"> <img decoding=\"async\" src=\"http:\/\/images.eplayer.performgroup.com\/namedImage\/12637\/install_flash.gif\" alt=\"Get Adobe Flash player\" \/><\/a><\/div>\n<p><script src=\"https:\/\/static.eplayer.performgroup.com\/flash\/js\/swfobject.js\" type=\"text\/javascript\"><\/script><script src=\"https:\/\/static.eplayer.performgroup.com\/flash\/js\/performgroup.js\" type=\"text\/javascript\"><\/script><script>\/\/ < ![CDATA[\naddCustomPlayer('1qur8ej7k2p7104auwgioxz9c', '', '', 620, 540, 'perf1qur8ej7k2p7104auwgioxz9c', 'eplayer4');\n\/\/ ]]><\/script><\/p>\n<\/div>\n<p>Il vero appassionato di calcio\u00a0non si sazia mai, \u00e8 ingordo, \u00e8 avido di emozioni e pertanto ama <strong>vedere e rivedere<\/strong> tutti i goal della giornata e le azioni pi\u00f9 belle. Oltre ai video delle <strong>azioni salienti<\/strong> della Serie A potrete trovare tutti i video pi\u00f9 spettacolari per i seguenti sport.<\/p>\n<h2>Highlights calcio<\/h2>\n<ul>\n<li>highlights serie A<\/li>\n<li>highlights serie B<\/li>\n<li>highlights Premier League<\/li>\n<li>highlights Liga spagnola<\/li>\n<li>highlights Bundesliga<\/li>\n<li>highlights Champions League<\/li>\n<li>highlights Europa League<\/li>\n<li>highlights Europei<\/li>\n<li>highlights Mondiali<\/li>\n<\/ul>\n<h2>Highlights tennis<\/h2>\n<ul>\n<li>highlights Australian Open<\/li>\n<li>highlights US Open<\/li>\n<li>highlights Roland Garros<\/li>\n<li>highlights Wimbledon<\/li>\n<li>highlights Internazionali di Italia<\/li>\n<li>highlights Indian Wells<\/li>\n<\/ul>\n<h2>Highligts Pallacanestro<\/h2>\n<ul>\n<li>highlights legabasket<\/li>\n<li>highlights legaduebasket<\/li>\n<li>highlights NBA<\/li>\n<\/ul>\n<p><img alt='buzzoole code' src='https:\/\/buzzoole.com\/track-img.php?code=481e5cffe67c42c62ba2a36f123644c0' \/><\/p>\n","protected":false},"excerpt":{"rendered":"<p>Il vero appassionato di calcio\u00a0non si sazia mai, \u00e8 ingordo, \u00e8 avido di emozioni e pertanto ama vedere e rivedere tutti i goal della giornata e le azioni pi\u00f9 belle. Oltre ai video delle azioni salienti della Serie A potrete trovare tutti i video pi\u00f9 spettacolari per i seguenti sport. Highlights calcio highlights serie A &#8230; <a title=\"Highlights &#8211; video di tutti i goal della serie A\" class=\"read-more\" href=\"https:\/\/www.pronostitalia.com\/news\/highlights-dei-principali-eventi-sportivi\/\">Read more<\/a><\/p>\n","protected":false},"author":1,"featured_media":0,"parent":0,"menu_order":0,"comment_status":"open","ping_status":"open","template":"","meta":{"generate_page_header":"","footnotes":""},"class_list":["post-17326","page","type-page","status-publish"],"_links":{"self":[{"href":"https:\/\/www.pronostitalia.com\/news\/wp-json\/wp\/v2\/pages\/17326","targetHints":{"allow":["GET"]}}],"collection":[{"href":"https:\/\/www.pronostitalia.com\/news\/wp-json\/wp\/v2\/pages"}],"about":[{"href":"https:\/\/www.pronostitalia.com\/news\/wp-json\/wp\/v2\/types\/page"}],"author":[{"embeddable":true,"href":"https:\/\/www.pronostitalia.com\/news\/wp-json\/wp\/v2\/users\/1"}],"replies":[{"embeddable":true,"href":"https:\/\/www.pronostitalia.com\/news\/wp-json\/wp\/v2\/comments?post=17326"}],"version-history":[{"count":15,"href":"https:\/\/www.pronostitalia.com\/news\/wp-json\/wp\/v2\/pages\/17326\/revisions"}],"predecessor-version":[{"id":21483,"href":"https:\/\/www.pronostitalia.com\/news\/wp-json\/wp\/v2\/pages\/17326\/revisions\/21483"}],"wp:attachment":[{"href":"https:\/\/www.pronostitalia.com\/news\/wp-json\/wp\/v2\/media?parent=17326"}],"curies":[{"name":"wp","href":"https:\/\/api.w.org\/{rel}","templated":true}]}}