{"id":16021,"date":"2012-08-24T17:56:22","date_gmt":"2012-08-24T16:56:22","guid":{"rendered":"http:\/\/www.pronostitalia.com\/news\/?page_id=16021"},"modified":"2012-12-16T12:42:32","modified_gmt":"2012-12-16T11:42:32","slug":"glossario-scommesse","status":"publish","type":"page","link":"https:\/\/www.pronostitalia.com\/news\/glossario-scommesse\/","title":{"rendered":"Glossario scommesse"},"content":{"rendered":"<p><strong>Aggio<\/strong>: o anche detto margine rappresenta la percentuale che il bookmaker si trattiene in una scommessa a quota fissa. Questo parametro non serve per cercare di prevedere l&#8217;esito di un match, ma serve per capire se la quota proposta dal bookmaker per il determinato segno scelto ( 1, X, 2, Under, Over, GG, NG, ecc. ecc. ) \u00e8 congrua. Come si calcola l&#8217;aggio? Il calcolo dell&#8217;aggio varia a seconda della tipologia di scommessa scelta. Supponiamo di considerare l&#8217;aggio per la scommessa 1X2. In questa scommessa abbiamo tre quote, quella per il segno 1, per il segno X e per il segno 2.<\/p>\n<p><a href=\"http:\/\/www.pronostitalia.com\/news\/glossario-scommesse\/aggio-2\/\" rel=\"attachment wp-att-16025\"><img fetchpriority=\"high\" decoding=\"async\" class=\"aligncenter size-full wp-image-16025\" title=\"calcolo aggio\" src=\"http:\/\/www.pronostitalia.com\/news\/wp-content\/uploads\/aggio1.jpg\" alt=\"calcolo aggio\" width=\"350\" height=\"156\" srcset=\"https:\/\/www.pronostitalia.com\/news\/wp-content\/uploads\/aggio1.jpg 350w, https:\/\/www.pronostitalia.com\/news\/wp-content\/uploads\/aggio1-300x133.jpg 300w\" sizes=\"(max-width: 350px) 100vw, 350px\" \/><\/a><\/p>\n<p><strong>Antepost<\/strong>: una scommessa antepost \u00e8 una scommessa che in genere riguarda il lungo periodo ovvero non su un determinato evento bens\u00ec sul risultato globale di una serie di eventi. Una scommessa antepost \u00e8 ad esempio una scommessa nella quale si pronostica prima dell&#8217;inizio del campionato ( o anche durante il campionato ) chi vincer\u00e0 l&#8217;intero campionato. Nei campionati del mondo ad esempio possiamo avere scommesse antepost su chi vincer\u00e0 il campionato del mondo o anche antepost su chi vincer\u00e0 la fase a gironi. Come si pu\u00f2 osservare \u00e8 una scommessa che riguarda il verificarsi di pi\u00f9 eventi nel tempo e non di un solo evento. Durante un campionato le quote sul vincente campionato varieranno in base al verificarsi degli eventi, ma la quota alla quale abbiamo fissato la nostra scommessa antepost rimarr\u00e0 invariata.<\/p>\n<p><strong>Handicap<\/strong>: Spesso mi viene chiesto &#8220;<em>cosa vuol dire handicap?<\/em>&#8221; , &#8220;<em>cosa vuol dire handicap (-2)?<\/em>&#8220;. Chiariamo prima di tutto che le scommesse con handicap sono scommesse sulla differenza delle reti. La parola handicap sta ad indicare uno svantaggio &#8220;virtuale&#8221; ovvero che in campo non c&#8217;\u00e8 ma noi supponiamo che ci sia ugualmente. Perch\u00e8 ipotizzare uno svantaggio? Cosa intendiamo per svantaggio? Facciamo subito un analogia per spiegare bene questo concetto. Quando un adulto fa una corsa con un bimbo piccolo, spesso per dargli qualche possibilit\u00e0 di vincita in pi\u00f9 lo si fa partire in posizione avanzata. Si dice appunto che gli si da un vantaggio. Questo \u00e8 ci\u00f2 che accade nelle scommesse con handicap. Prendiamo per esempio la partita Milan &#8211; Como. Il Milan \u00e8 decisamente pi\u00f9 forte del Como. Un bookmaker se dovesse quotare questa partita magari per la vittoria del Milan fornirebbe una quota di 1.09. Molti scommettitori convinti della vittoria del Milan potrebbero dire &#8230; si, il Milna vincer\u00e0 ma a quota 1.09 quanti soldi ci devo mettere? Se mgari fosse stata a quota 1.40 allora la scommessa l&#8217;avrei piazzata. Allora il bookmaker cosa fa? Ti dice OK io ti faccio giocare la vittoria del Milan a 1.40 ma dobbiamo supporre che il Como prima del fischio di inizio stia gi\u00e0 vincendo con un goal di scarto quindi stiamo ipotizzando che la partita inizi non dallo 0-0 ma dallo 0-1. Questo vuol dir che il Milan parte con uno svantaggio, appunto con un handicap di 1 goal rispetto al Como. Pertanto se voi pronosticate che il Milan vincer\u00e0 con il Como a quota 1.40 con handicap, questo vuol dire che per vincere la scommessa il Milan dovr\u00e0 vincere con almeno 2 goal di scarto perch\u00e8 partendo da 0-1 dovr\u00e0 fare prima 1 goal per pareggiare e quindi passare a 1-1 e poi un altro per vincere passando cos\u00ec al 2-1. Il bookmaker pu\u00f2 anche dire, &#8220;che ne dici di puntare sul Milan vincetne con il Como a quota 2.00 ? Te lo faccio giocare ma con due goal di handicap. Vale a dire che la nostra scommessa risulter\u00e0 vincente se il Milan vincer\u00e0 con almeno 3 goal di scarto sul Como.<\/p>\n<p><strong>Money Management:\u00a0<\/strong>ogni scommettitore dovrebbe sempre avere una strategia di money management ovvero di gestione del portafoglio in modo da essere sempre in grado di valutare quando e quatno puntare e quando fermarsi e attendere. Nei nostri articoli abbiamo trattato pi\u00f9 volte l&#8217;argomento e pi\u00f9 volte lo tratteremo ancora pertanto Vi invito a visitare questa pagina che mostra i vari articoli in cui si parla di <a href=\"http:\/\/www.pronostitalia.com\/news\/?s=money+management\">Money Management<\/a><\/p>\n<p><strong>Picchetto e quote:<\/strong> le quote delle scommesse vengono generate dai quotisti a partire da un picchetto che non tiene conto del guadagno del bookmaker ma considera solo le probabilit\u00e0 di vincita dell&#8217;una o dell&#8217;altra squadra o del pareggio. L&#8217;abilit\u00e0 del quotista \u00e8 proprio quella di capire chi ha realmente maggiori probabilit\u00e0 di vincere un match.Stabilito questo picchetto il bookmaker bilancer\u00e0 i numeri del peicchetto in modo da stabilire le quote garantendosi ovviamente la sua percentuale. Facciamo un esempio.<br \/>\nSe andate sulla <a href=\"http:\/\/www.pronostitalia.com\/statistichescommesse.php\">pagina delle statistiche di Paddy Power<\/a> potrete osservare nella parte bassa che scorrono orizzontalmente le partite con delle percentuali. Quelle percentuali che vedete sono proprio le probabilit\u00e0 che i quotisti di Paddy Power hanno dato ai possibili risultati del match 1 X 2 . Prendiamo per esempio la partita Juventus-Roma. I quotisti sostengono che la Juventus ha il 49% delle possibilit\u00e0 di vincere, il 26% di pareggiare e il 25% di perdere. Bene, prendiamo carta e penne e facciamo un p\u00f2 di calcoli. Innanzitutto la somma delle percentuali fa proprio 100 come \u00e8 giusto che sia. Quindi in base a queste percentuali formuliamo il picchetto che si ottiene dividendo 100 per la quota. Pertanto il picchetto di Juventus &#8211; Roma sar\u00e0 il seguente:<\/p>\n<ul>\n<li>1 100\/49 = 2.05<\/li>\n<li>x 100\/26 = 3.85<\/li>\n<li>2 100\/25 = 4.00<\/li>\n<\/ul>\n<div>ma le quote di Paddy Power non coincidono ovviamente col picchetto perch\u00e8 da qui deve uscire anche il ricavo del bookmaker che invece propone quanto segue:<\/div>\n<div>\n<ul>\n<li>1 @1.67<\/li>\n<li>X @3.90<\/li>\n<li>2 @4.75<\/li>\n<\/ul>\n<div>Le quote proposte possono variare nel tempo e ci\u00f2 dipende dalla pi\u00f9 classica delle leggi di mercato ovvero domanda\/offerta. Pi\u00f9 una quota sar\u00e0 richiesta dagli scommettitori rispetto alle altre quote e pi\u00f9 tender\u00e0 ad abbassarsi. A far variare una quota concorreranno anche gli eventi dell&#8217;ultimo minuto, come l&#8217;assenza di un calciatore per infortunio, il meteo ed altri fattori che possono far variare le percentuali del picchetto iniziale.<\/div>\n<\/div>\n<p>&nbsp;<\/p>\n<p>Se volete avere chiarimenti su altre terminologie legate al betting postatele nei commenti in fondo alla pagina.<\/p>\n<p>&nbsp;<\/p>\n","protected":false},"excerpt":{"rendered":"<p>Aggio: o anche detto margine rappresenta la percentuale che il bookmaker si trattiene in una scommessa a quota fissa. Questo parametro non serve per cercare di prevedere l&#8217;esito di un match, ma serve per capire se la quota proposta dal bookmaker per il determinato segno scelto ( 1, X, 2, Under, Over, GG, NG, ecc. &#8230; <a title=\"Glossario scommesse\" class=\"read-more\" href=\"https:\/\/www.pronostitalia.com\/news\/glossario-scommesse\/\">Read more<\/a><\/p>\n","protected":false},"author":1,"featured_media":0,"parent":0,"menu_order":0,"comment_status":"open","ping_status":"open","template":"","meta":{"generate_page_header":"","footnotes":""},"class_list":["post-16021","page","type-page","status-publish"],"_links":{"self":[{"href":"https:\/\/www.pronostitalia.com\/news\/wp-json\/wp\/v2\/pages\/16021","targetHints":{"allow":["GET"]}}],"collection":[{"href":"https:\/\/www.pronostitalia.com\/news\/wp-json\/wp\/v2\/pages"}],"about":[{"href":"https:\/\/www.pronostitalia.com\/news\/wp-json\/wp\/v2\/types\/page"}],"author":[{"embeddable":true,"href":"https:\/\/www.pronostitalia.com\/news\/wp-json\/wp\/v2\/users\/1"}],"replies":[{"embeddable":true,"href":"https:\/\/www.pronostitalia.com\/news\/wp-json\/wp\/v2\/comments?post=16021"}],"version-history":[{"count":13,"href":"https:\/\/www.pronostitalia.com\/news\/wp-json\/wp\/v2\/pages\/16021\/revisions"}],"predecessor-version":[{"id":16220,"href":"https:\/\/www.pronostitalia.com\/news\/wp-json\/wp\/v2\/pages\/16021\/revisions\/16220"}],"wp:attachment":[{"href":"https:\/\/www.pronostitalia.com\/news\/wp-json\/wp\/v2\/media?parent=16021"}],"curies":[{"name":"wp","href":"https:\/\/api.w.org\/{rel}","templated":true}]}}