{"id":15159,"date":"2012-04-26T12:24:53","date_gmt":"2012-04-26T11:24:53","guid":{"rendered":"http:\/\/www.pronostitalia.com\/news\/?page_id=15159"},"modified":"2015-04-23T22:37:38","modified_gmt":"2015-04-23T21:37:38","slug":"scommesse-italia","status":"publish","type":"page","link":"https:\/\/www.pronostitalia.com\/news\/scommesse-italia\/","title":{"rendered":"Scommesse Italia"},"content":{"rendered":"<p><a href=\"http:\/\/www.pronostitalia.com\/bonus\/bwin.php\"><img fetchpriority=\"high\" decoding=\"async\" class=\"alignleft size-full wp-image-15161\" title=\"scommesse Italia\" src=\"http:\/\/www.pronostitalia.com\/news\/wp-content\/uploads\/scommesse.jpg\" alt=\"Scommesse Italia\" width=\"420\" height=\"213\" srcset=\"https:\/\/www.pronostitalia.com\/news\/wp-content\/uploads\/scommesse.jpg 420w, https:\/\/www.pronostitalia.com\/news\/wp-content\/uploads\/scommesse-300x152.jpg 300w, https:\/\/www.pronostitalia.com\/news\/wp-content\/uploads\/scommesse-418x213.jpg 418w\" sizes=\"(max-width: 420px) 100vw, 420px\" \/><\/a>\u00a0&#8220;Scommesse Italia&#8221; \u00e8 di sicuro una delle principali ricerche che gli utenti italiani digitano su google per cercare di capire <em>come<\/em> e <em>dove<\/em> scommettere e vincere online. Non a caso ho usato nella frase precedente due nomi in corsivo:<\/p>\n<ul>\n<li>come = come scommettere<\/li>\n<li>dove = dove scommettere<\/li>\n<\/ul>\n<p>Sono due punti fondamentali per gli utenti italiani che si approcciano al mondo del gioco online.<\/p>\n<p>La prima voce, come, \u00e8 in genere tra le pi\u00f9 ricercate perch\u00e8 la gente si aspetta di trovare un sito che sveli tutti i trucchi e segreti per vincere al gioco. Quello che realmente dobbiamo sapere \u00e8 che per scommettere online serve un buon metodo e tanta autodisciplina. Forse, pi\u00f9 che un buon metodo parlerei pi\u00f9 di &#8220;buoni metodi&#8221;. Se ne possono trovare a bizzeffe, ma il miglior metodo \u00e8 quello che ci si cuce addosso come un vestito in base alle proprie disponibilit\u00e0 e prospettive. Chi scommette in genere non lo fa una sola volta, ma lo fa per molto tempo. Qui distinguiamo due tipologie di scommettitori:<\/p>\n<ol>\n<li>chi scommette e perde sempre che gioca con la speranza di potersi rifare<\/li>\n<li>chi scommette con metodo e nel medio-lungo periodo riesce a mettere da parte anche qualcosa.<\/li>\n<\/ol>\n<p>Noi di Pronostitalia.com ci impegnamo a fare in modo che chi frequenta il nostro portale e soprattutto il nostro Forum si possa rivedere nella seconda tipologia di scommettitori. Solo chi scommette con metodo riesce a fermarsi quando vuole, a non lasciarsi fregare dalla &#8220;voglia di recuperare&#8221; e a vincere di tanto in tanto mettendo in conto che scommettendo, si pu\u00f2 vincere e si pu\u00f2 perdere.<\/p>\n<p>Fatta questa distinzione entriamo pi\u00f9 nel dettaglio delle scommesse.<\/p>\n<h3>Gestione del bankroll ( o del portafoglio )<\/h3>\n<p>Il metodo che deve essere alla base di tutti i metodi \u00e8 quello della gestione del portafoglio. Non fate l&#8217;errore di trovarvi dei soldi in tasca e scommetterli al primo punto scommesse che trovate perch\u00e8 a lungo andare posso assicurarvi che farete soltanto la gioia dei bookmakers. Cercate piuttosto di segnare tutti i Vostri investimenti in scommesse su un quaderno o meglio ancora cercate di scommettere online in modo che avrete automaticamente tutte le Vostre giocate registrate. Prima di giocare per\u00f2 prefiggetevi sempre \u00a0quanto siete disposti a &#8220;perdere&#8221; in tot tempo ( una settimana, un mese, tre mesi, 6 mesi, un anno ). Non sforate mai quanto Vi siete prefissati altrimenti rischierete di perdere molto ma molto di pi\u00f9. Un metodo molto spesso utilizzato per la gestione del portafoglio \u00e8 quello delle progressioni. Sul nostro Forum abbiamo trattato, e continueremo a trattare, molte progressioni, una tra tutte il <a href=\"http:\/\/www.pronostitalia.com\/masaniello-scommesse-f218\/\">metodo Masaniello<\/a>\u00a0. Questo metodo \u00e8 seguitissimo nel web, ma ovviamente non \u00e8 l&#8217;unico. Ad esempio una progressione che io personalmente ritengo molto buona \u00e8 quella che io ho ribattezzato <a title=\"progressione 7\" href=\"http:\/\/www.pronostitalia.com\/news\/12216-le-progressioni-nelle-scommesse-sportive-money-management\/\">Progressione 7<\/a>\u00a0perch\u00e8 quando la utilizzo in genere parto sempre da 7 unit\u00e0 iniziali, ma potete chiamarla come volete, quello che conta \u00e8 il contenuto. Con la\u00a0\u00a0<a title=\"progressione 7\" href=\"http:\/\/www.pronostitalia.com\/news\/12216-le-progressioni-nelle-scommesse-sportive-money-management\/\">Progressione 7<\/a>\u00a0riusciamo a rimanere in attivo anche se ad esempio in 11 step 9 di questi risultano perdenti e solo due vincenti come nell&#8217;esempio mostrato. E&#8217; un ottimo modo per la gestione del portafoglio. Poi sul Forum trovate anche una sezione dedicata alle scalate nelle scommesse tipo il <a href=\"http:\/\/www.pronostitalia.com\/quota-10-in-5-mosse-betting-strategy-f89\/\">Quota 10 in 5 mosse<\/a>\u00a0e il <a href=\"http:\/\/www.pronostitalia.com\/le-scalate-betting-strategy-f200\/\">Quota 3\u00a0<\/a>\u00a0.<\/p>\n<h3>Singole o multiple ?<\/h3>\n<p>Bella domanda! Io personalmente preferisco le singole perch\u00e8 sono quelle che a lungo andare mi hanno dato pi\u00f9 successo anche se non nascondo che quando si becca una bella multipla \u00e8 una soddisfazione \ud83d\ude42 . Infatti nella mia gestione del portafoglio un piccolissimo spazio lo trovo anche per una multipla. Ci sono per\u00f2 persone che giocano solo multiple a partire da terzine fino ad arrivare ai cosiddetti lenzuoli o liste della spesa. Se si trovano a giocare in quel modo e riescono a vincere, meglio per loro, non sar\u00f2 io di certo a far cambiare il loro metodo di gioco. Pertanto \u00e8 importante trovare un proprio metodo di gioco, quello che pi\u00f9 si addice alle proprie tasche e ai periodi di gioco scelti.<\/p>\n<h3>Quale bookmaker scegliere?<\/h3>\n<p>Ognuno \u00e8 libero di scegliere il bookmaker che preferisce. Noi Vi consigliamo, per esperienza, i bookmakers con regolare concessione AAMS presenti nella nostra <a href=\"http:\/\/www.pronostitalia.com\/news\/quale-bookmaker-scegliere\/\">Guida alla scelta del bookmaker<\/a>\u00a0. Una cosa \u00e8 sicura: non affidatevi solo ad un bookmaker. Il Bookmaker non \u00e8 un amico, ma \u00e8 il tuo antagonista nelle scommesse, pertanto aprite quanti pi\u00f9 conti possibili per andare a prendere il meglio da ogni operatore. Incassate i bonus, cercate le quote migliori, cercate le tipologie di scommesse migliori. Anzi, vi dir\u00f2 di pi\u00f9. Anche l&#8217;Italia sta andando incontro al modello british in cui ogni bookmaker potr\u00e0 presentare il proprio <a title=\"scommesse personalizzate\" href=\"http:\/\/www.pronostitalia.com\/news\/15097-scommesse-personalizzate-bookmakers-italiani-prossimi-al-modello-british\/\">palinsesto scommesse personalizzato<\/a>.<\/p>\n","protected":false},"excerpt":{"rendered":"<p>\u00a0&#8220;Scommesse Italia&#8221; \u00e8 di sicuro una delle principali ricerche che gli utenti italiani digitano su google per cercare di capire come e dove scommettere e vincere online. Non a caso ho usato nella frase precedente due nomi in corsivo: come = come scommettere dove = dove scommettere Sono due punti fondamentali per gli utenti italiani &#8230; <a title=\"Scommesse Italia\" class=\"read-more\" href=\"https:\/\/www.pronostitalia.com\/news\/scommesse-italia\/\">Read more<\/a><\/p>\n","protected":false},"author":2,"featured_media":0,"parent":0,"menu_order":0,"comment_status":"open","ping_status":"open","template":"","meta":{"generate_page_header":"","footnotes":""},"class_list":["post-15159","page","type-page","status-publish"],"_links":{"self":[{"href":"https:\/\/www.pronostitalia.com\/news\/wp-json\/wp\/v2\/pages\/15159","targetHints":{"allow":["GET"]}}],"collection":[{"href":"https:\/\/www.pronostitalia.com\/news\/wp-json\/wp\/v2\/pages"}],"about":[{"href":"https:\/\/www.pronostitalia.com\/news\/wp-json\/wp\/v2\/types\/page"}],"author":[{"embeddable":true,"href":"https:\/\/www.pronostitalia.com\/news\/wp-json\/wp\/v2\/users\/2"}],"replies":[{"embeddable":true,"href":"https:\/\/www.pronostitalia.com\/news\/wp-json\/wp\/v2\/comments?post=15159"}],"version-history":[{"count":5,"href":"https:\/\/www.pronostitalia.com\/news\/wp-json\/wp\/v2\/pages\/15159\/revisions"}],"predecessor-version":[{"id":18729,"href":"https:\/\/www.pronostitalia.com\/news\/wp-json\/wp\/v2\/pages\/15159\/revisions\/18729"}],"wp:attachment":[{"href":"https:\/\/www.pronostitalia.com\/news\/wp-json\/wp\/v2\/media?parent=15159"}],"curies":[{"name":"wp","href":"https:\/\/api.w.org\/{rel}","templated":true}]}}